{"id":23,"date":"2024-10-18T14:57:49","date_gmt":"2024-10-18T17:57:49","guid":{"rendered":"http:\/\/hyrparabrisasya.cl.portalesdenegocios.cl\/?page_id=23"},"modified":"2024-10-28T13:57:01","modified_gmt":"2024-10-28T16:57:01","slug":"ubicacion-y-contacto","status":"publish","type":"page","link":"https:\/\/www.hyrparabrisasya.cl\/index.php\/ubicacion-y-contacto\/","title":{"rendered":"Ubicaci\u00f3n y contacto"},"content":{"rendered":"<p>[et_pb_section fb_built=\u00bb1&#8243; _builder_version=\u00bb4.24.2&#8243; _module_preset=\u00bbdefault\u00bb background_image=\u00bbhttps:\/\/www.hyrparabrisasya.cl\/wp-content\/uploads\/2024\/10\/nosotros.jpg\u00bb custom_margin=\u00bb0px||||false|false\u00bb custom_padding=\u00bb0px||201px||false|false\u00bb global_colors_info=\u00bb{}\u00bb][et_pb_row _builder_version=\u00bb4.24.2&#8243; _module_preset=\u00bbdefault\u00bb background_color=\u00bb#FFFFFF\u00bb custom_margin=\u00bb0px||0px||false|false\u00bb custom_padding=\u00bb19px||21px||false|false\u00bb border_radii=\u00bboff|||42px|42px\u00bb global_colors_info=\u00bb{}\u00bb][et_pb_column type=\u00bb4_4&#8243; _builder_version=\u00bb4.24.2&#8243; _module_preset=\u00bbdefault\u00bb global_colors_info=\u00bb{}\u00bb][et_pb_text _builder_version=\u00bb4.24.2&#8243; _module_preset=\u00bbdefault\u00bb header_font=\u00bbOpen Sans|700|||||||\u00bb header_text_align=\u00bbcenter\u00bb header_text_color=\u00bb#0056b9&#8243; header_line_height=\u00bb1.2em\u00bb global_colors_info=\u00bb{}\u00bb]<\/p>\n<h1>UBICACI\u00d3N Y CONTACTO<\/h1>\n<p>[\/et_pb_text][\/et_pb_column][\/et_pb_row][\/et_pb_section][et_pb_section fb_built=\u00bb1&#8243; _builder_version=\u00bb4.24.2&#8243; _module_preset=\u00bbdefault\u00bb global_colors_info=\u00bb{}\u00bb][et_pb_row column_structure=\u00bb1_2,1_2&#8243; _builder_version=\u00bb4.24.2&#8243; _module_preset=\u00bbdefault\u00bb custom_margin=\u00bb|auto|84px|auto||\u00bb global_colors_info=\u00bb{}\u00bb][et_pb_column type=\u00bb1_2&#8243; _builder_version=\u00bb4.24.2&#8243; _module_preset=\u00bbdefault\u00bb global_colors_info=\u00bb{}\u00bb][et_pb_text _builder_version=\u00bb4.24.2&#8243; _module_preset=\u00bbdefault\u00bb header_2_font=\u00bbOpen Sans|700|||||||\u00bb header_2_text_color=\u00bb#0056b9&#8243; custom_margin=\u00bb||21px|||\u00bb global_colors_info=\u00bb{}\u00bb]<\/p>\n<h2>HYR PARABRISAS YA<\/h2>\n<p>[\/et_pb_text][et_pb_divider color=\u00bb#0056b9&#8243; _builder_version=\u00bb4.24.2&#8243; _module_preset=\u00bbdefault\u00bb custom_margin=\u00bb||13px|||\u00bb global_colors_info=\u00bb{}\u00bb][\/et_pb_divider][et_pb_blurb title=\u00bbDirecci\u00f3n\u00bb use_icon=\u00bbon\u00bb font_icon=\u00bb&#xf5a0;||fa||900&#8243; icon_color=\u00bb#0056b9&#8243; icon_alignment=\u00bbleft\u00bb _builder_version=\u00bb4.24.2&#8243; _module_preset=\u00bbdefault\u00bb header_level=\u00bbh3&#8243; header_font=\u00bbOpen Sans|700|||||||\u00bb header_text_align=\u00bbleft\u00bb header_text_color=\u00bb#eed306&#8243; body_font=\u00bbOpen Sans||||||||\u00bb body_text_color=\u00bb#0056b9&#8243; body_link_text_color=\u00bb#0056b9&#8243; custom_padding=\u00bb19px||38px||false|false\u00bb border_color_all=\u00bbrgba(238,211,6,0.76)\u00bb global_colors_info=\u00bb{}\u00bb]<\/p>\n<p><a href=\"0;&quot; allowfullscreen=&quot;&quot; loading=&quot;lazy&quot; referrerpolicy=&quot;no-referrer-when-downgrade&quot;&gt;&lt;\/iframe&gt;\" target=\"_blank\" rel=\"noopener\">Nos encontramos en Avenida Pedro de Valdivia 0698 Esquina Espa\u00f1a, Temuco.<\/a><\/p>\n<p>[\/et_pb_blurb][\/et_pb_column][et_pb_column type=\u00bb1_2&#8243; _builder_version=\u00bb4.24.2&#8243; _module_preset=\u00bbdefault\u00bb global_colors_info=\u00bb{}\u00bb][et_pb_contact_form captcha=\u00bboff\u00bb email=\u00bbparabrisasyahyr@gmail.com\u00bb _builder_version=\u00bb4.24.2&#8243; _module_preset=\u00bbdefault\u00bb _unique_id=\u00bb15c8708d-c657-4b2a-a56f-c885ef912729&#8243; form_field_background_color=\u00bb#FFFFFF\u00bb background_color=\u00bb#eed306&#8243; custom_button=\u00bbon\u00bb button_text_color=\u00bb#eed306&#8243; button_bg_color=\u00bb#0056b9&#8243; button_border_width=\u00bb0px\u00bb custom_padding=\u00bb24px|25px|20px|25px|false|true\u00bb global_colors_info=\u00bb{}\u00bb][et_pb_contact_field field_id=\u00bbNombre\u00bb field_title=\u00bbNombre\u00bb fullwidth_field=\u00bbon\u00bb _builder_version=\u00bb4.24.2&#8243; global_colors_info=\u00bb{}\u00bb button_text_size__hover_enabled=\u00bboff\u00bb button_one_text_size__hover_enabled=\u00bboff\u00bb button_two_text_size__hover_enabled=\u00bboff\u00bb button_text_color__hover_enabled=\u00bboff\u00bb button_one_text_color__hover_enabled=\u00bboff\u00bb button_two_text_color__hover_enabled=\u00bboff\u00bb button_border_width__hover_enabled=\u00bboff\u00bb button_one_border_width__hover_enabled=\u00bboff\u00bb button_two_border_width__hover_enabled=\u00bboff\u00bb button_border_color__hover_enabled=\u00bboff\u00bb button_one_border_color__hover_enabled=\u00bboff\u00bb button_two_border_color__hover_enabled=\u00bboff\u00bb button_border_radius__hover_enabled=\u00bboff\u00bb button_one_border_radius__hover_enabled=\u00bboff\u00bb button_two_border_radius__hover_enabled=\u00bboff\u00bb button_letter_spacing__hover_enabled=\u00bboff\u00bb button_one_letter_spacing__hover_enabled=\u00bboff\u00bb button_two_letter_spacing__hover_enabled=\u00bboff\u00bb button_bg_color__hover_enabled=\u00bboff\u00bb button_one_bg_color__hover_enabled=\u00bboff\u00bb button_two_bg_color__hover_enabled=\u00bboff\u00bb][\/et_pb_contact_field][et_pb_contact_field field_id=\u00bbCorreo\u00bb field_title=\u00bbCorreo\u00bb field_type=\u00bbemail\u00bb fullwidth_field=\u00bbon\u00bb _builder_version=\u00bb4.24.2&#8243; global_colors_info=\u00bb{}\u00bb button_text_size__hover_enabled=\u00bboff\u00bb button_one_text_size__hover_enabled=\u00bboff\u00bb button_two_text_size__hover_enabled=\u00bboff\u00bb button_text_color__hover_enabled=\u00bboff\u00bb button_one_text_color__hover_enabled=\u00bboff\u00bb button_two_text_color__hover_enabled=\u00bboff\u00bb button_border_width__hover_enabled=\u00bboff\u00bb button_one_border_width__hover_enabled=\u00bboff\u00bb button_two_border_width__hover_enabled=\u00bboff\u00bb button_border_color__hover_enabled=\u00bboff\u00bb button_one_border_color__hover_enabled=\u00bboff\u00bb button_two_border_color__hover_enabled=\u00bboff\u00bb button_border_radius__hover_enabled=\u00bboff\u00bb button_one_border_radius__hover_enabled=\u00bboff\u00bb button_two_border_radius__hover_enabled=\u00bboff\u00bb button_letter_spacing__hover_enabled=\u00bboff\u00bb button_one_letter_spacing__hover_enabled=\u00bboff\u00bb button_two_letter_spacing__hover_enabled=\u00bboff\u00bb button_bg_color__hover_enabled=\u00bboff\u00bb button_one_bg_color__hover_enabled=\u00bboff\u00bb button_two_bg_color__hover_enabled=\u00bboff\u00bb][\/et_pb_contact_field][et_pb_contact_field field_id=\u00bbMensaje\u00bb field_title=\u00bbMensaje\u00bb field_type=\u00bbtext\u00bb fullwidth_field=\u00bbon\u00bb _builder_version=\u00bb4.24.2&#8243; global_colors_info=\u00bb{}\u00bb button_text_size__hover_enabled=\u00bboff\u00bb button_one_text_size__hover_enabled=\u00bboff\u00bb button_two_text_size__hover_enabled=\u00bboff\u00bb button_text_color__hover_enabled=\u00bboff\u00bb button_one_text_color__hover_enabled=\u00bboff\u00bb button_two_text_color__hover_enabled=\u00bboff\u00bb button_border_width__hover_enabled=\u00bboff\u00bb button_one_border_width__hover_enabled=\u00bboff\u00bb button_two_border_width__hover_enabled=\u00bboff\u00bb button_border_color__hover_enabled=\u00bboff\u00bb button_one_border_color__hover_enabled=\u00bboff\u00bb button_two_border_color__hover_enabled=\u00bboff\u00bb button_border_radius__hover_enabled=\u00bboff\u00bb button_one_border_radius__hover_enabled=\u00bboff\u00bb button_two_border_radius__hover_enabled=\u00bboff\u00bb button_letter_spacing__hover_enabled=\u00bboff\u00bb button_one_letter_spacing__hover_enabled=\u00bboff\u00bb button_two_letter_spacing__hover_enabled=\u00bboff\u00bb button_bg_color__hover_enabled=\u00bboff\u00bb button_one_bg_color__hover_enabled=\u00bboff\u00bb button_two_bg_color__hover_enabled=\u00bboff\u00bb][\/et_pb_contact_field][\/et_pb_contact_form][\/et_pb_column][\/et_pb_row][\/et_pb_section][et_pb_section fb_built=\u00bb1&#8243; _builder_version=\u00bb4.24.2&#8243; _module_preset=\u00bbdefault\u00bb background_color=\u00bb#0056b9&#8243; background_image=\u00bbhttps:\/\/www.hyrparabrisasya.cl\/wp-content\/uploads\/2024\/10\/FONDO.png\u00bb border_radii=\u00bboff|82px|82px||\u00bb global_colors_info=\u00bb{}\u00bb][et_pb_row column_structure=\u00bb1_3,1_3,1_3&#8243; _builder_version=\u00bb4.24.2&#8243; _module_preset=\u00bbdefault\u00bb global_colors_info=\u00bb{}\u00bb][et_pb_column type=\u00bb1_3&#8243; _builder_version=\u00bb4.24.2&#8243; _module_preset=\u00bbdefault\u00bb global_colors_info=\u00bb{}\u00bb][et_pb_blurb title=\u00bbRedes sociales\u00bb use_icon=\u00bbon\u00bb font_icon=\u00bb&#xe0ce;||divi||400&#8243; icon_color=\u00bb#eed306&#8243; _builder_version=\u00bb4.24.2&#8243; _module_preset=\u00bbdefault\u00bb header_level=\u00bbh3&#8243; header_font=\u00bbOpen Sans|700|||||||\u00bb header_text_align=\u00bbcenter\u00bb header_text_color=\u00bb#eed306&#8243; body_font=\u00bbOpen Sans||||||||\u00bb body_text_color=\u00bb#FFFFFF\u00bb body_link_text_color=\u00bb#FFFFFF\u00bb custom_padding=\u00bb19px||38px||false|false\u00bb border_color_all=\u00bbrgba(238,211,6,0.76)\u00bb global_colors_info=\u00bb{}\u00bb]<\/p>\n<p style=\"text-align: center;\"><a href=\"https:\/\/www.instagram.com\/parabrisasyahyr?igsh=MWRjMHJlZ2h2a2N5dQ==\" target=\"_blank\" rel=\"noopener\">Instagram<\/a> &#8211; <a href=\"https:\/\/www.facebook.com\/share\/zjmdxrstN4rRwQXy\/?mibextid=kFxxJD\" target=\"_blank\" rel=\"noopener\">Facebook<\/a><\/p>\n<p>[\/et_pb_blurb][\/et_pb_column][et_pb_column type=\u00bb1_3&#8243; _builder_version=\u00bb4.24.2&#8243; _module_preset=\u00bbdefault\u00bb global_colors_info=\u00bb{}\u00bb][et_pb_blurb title=\u00bbTel\u00e9fonos\u00bb use_icon=\u00bbon\u00bb font_icon=\u00bb&#xf098;||fa||900&#8243; icon_color=\u00bb#eed306&#8243; _builder_version=\u00bb4.27.2&#8243; _module_preset=\u00bbdefault\u00bb header_level=\u00bbh3&#8243; header_font=\u00bbOpen Sans|700|||||||\u00bb header_text_align=\u00bbcenter\u00bb header_text_color=\u00bb#eed306&#8243; body_font=\u00bbOpen Sans||||||||\u00bb body_text_color=\u00bb#FFFFFF\u00bb body_link_text_color=\u00bb#FFFFFF\u00bb custom_padding=\u00bb19px||38px||false|false\u00bb hover_enabled=\u00bb0&#8243; border_color_all=\u00bbrgba(238,211,6,0.76)\u00bb global_colors_info=\u00bb{}\u00bb sticky_enabled=\u00bb0&#8243;]<\/p>\n<p style=\"text-align: center;\"><a href=\"tel:+56452865858\">+5645 286 5858<\/a><br \/>\n<a href=\"tel:+56966514951\">+569 6651 4951<\/a><br \/>\n<a href=\"tel:+56998864413\">+569 9886 4413<\/a><br \/>\n<a href=\"tel:+56998872271\">+569 9887 2271<\/a><\/p>\n<p>[\/et_pb_blurb][\/et_pb_column][et_pb_column type=\u00bb1_3&#8243; _builder_version=\u00bb4.24.2&#8243; _module_preset=\u00bbdefault\u00bb global_colors_info=\u00bb{}\u00bb][et_pb_blurb title=\u00bbCorreo\u00bb use_icon=\u00bbon\u00bb font_icon=\u00bb&#xf658;||fa||900&#8243; icon_color=\u00bb#eed306&#8243; _builder_version=\u00bb4.24.2&#8243; _module_preset=\u00bbdefault\u00bb header_level=\u00bbh3&#8243; header_font=\u00bbOpen Sans|700|||||||\u00bb header_text_align=\u00bbcenter\u00bb header_text_color=\u00bb#eed306&#8243; body_font=\u00bbOpen Sans||||||||\u00bb body_text_color=\u00bb#FFFFFF\u00bb body_link_text_color=\u00bb#FFFFFF\u00bb custom_padding=\u00bb19px||38px||false|false\u00bb border_color_all=\u00bbrgba(238,211,6,0.76)\u00bb global_colors_info=\u00bb{}\u00bb]<\/p>\n<p style=\"text-align: center;\"><a href=\"mailto:parabrisasyahyr@gmail.com\">parabrisasyahyr@gmail.com<\/a><\/p>\n<p>[\/et_pb_blurb][\/et_pb_column][\/et_pb_row][\/et_pb_section]<\/p>\n","protected":false},"excerpt":{"rendered":"<p>UBICACI\u00d3N Y CONTACTOHYR PARABRISAS YANos encontramos en Avenida Pedro de Valdivia 0698 Esquina Espa\u00f1a, Temuco.Instagram &#8211; Facebook+5645 286 5858 +569 6651 4951 +569 9886 4413 +569 9887 2271parabrisasyahyr@gmail.com<\/p>\n","protected":false},"author":1,"featured_media":0,"parent":0,"menu_order":0,"comment_status":"closed","ping_status":"closed","template":"","meta":{"_et_pb_use_builder":"on","_et_pb_old_content":"<!-- wp:divi\/placeholder \/-->","_et_gb_content_width":"","footnotes":""},"class_list":["post-23","page","type-page","status-publish","hentry"],"yoast_head":"<!-- This site is optimized with the Yoast SEO plugin v27.3 - https:\/\/yoast.com\/product\/yoast-seo-wordpress\/ -->\n<title>Reparaci\u00f3n parabrisas en Temuco - HYR YA<\/title>\n<meta name=\"description\" content=\"Parabrisas Hyr Ya en Temuco servicios de instalaci\u00f3n y reparaci\u00f3n de parabrisas. Vis\u00edtenos en Avenida Pedro de Valdivia 0698. Consultas al +56 45 286 5858.\" \/>\n<meta name=\"robots\" content=\"index, follow, max-snippet:-1, max-image-preview:large, max-video-preview:-1\" \/>\n<link rel=\"canonical\" href=\"https:\/\/www.hyrparabrisasya.cl\/index.php\/ubicacion-y-contacto\/\" \/>\n<meta property=\"og:locale\" content=\"es_ES\" \/>\n<meta property=\"og:type\" content=\"article\" \/>\n<meta property=\"og:title\" content=\"Reparaci\u00f3n parabrisas en Temuco - HYR YA\" \/>\n<meta property=\"og:description\" content=\"Parabrisas Hyr Ya en Temuco servicios de instalaci\u00f3n y reparaci\u00f3n de parabrisas. Vis\u00edtenos en Avenida Pedro de Valdivia 0698. Consultas al +56 45 286 5858.\" \/>\n<meta property=\"og:url\" content=\"https:\/\/www.hyrparabrisasya.cl\/index.php\/ubicacion-y-contacto\/\" \/>\n<meta property=\"og:site_name\" content=\"hyrparabrisasya.cl\" \/>\n<meta property=\"article:modified_time\" content=\"2024-10-28T16:57:01+00:00\" \/>\n<meta property=\"og:image\" content=\"https:\/\/www.hyrparabrisasya.cl\/wp-content\/uploads\/2024\/10\/Polarizados-y-laminas-de-seguridad.png\" \/>\n\t<meta property=\"og:image:width\" content=\"1890\" \/>\n\t<meta property=\"og:image:height\" content=\"1890\" \/>\n\t<meta property=\"og:image:type\" content=\"image\/png\" \/>\n<meta name=\"twitter:card\" content=\"summary_large_image\" \/>\n<meta name=\"twitter:label1\" content=\"Tiempo de lectura\" \/>\n\t<meta name=\"twitter:data1\" content=\"1 minuto\" \/>\n<script type=\"application\/ld+json\" class=\"yoast-schema-graph\">{\"@context\":\"https:\\\/\\\/schema.org\",\"@graph\":[{\"@type\":\"WebPage\",\"@id\":\"https:\\\/\\\/www.hyrparabrisasya.cl\\\/index.php\\\/ubicacion-y-contacto\\\/\",\"url\":\"https:\\\/\\\/www.hyrparabrisasya.cl\\\/index.php\\\/ubicacion-y-contacto\\\/\",\"name\":\"Reparaci\u00f3n parabrisas en Temuco - HYR YA\",\"isPartOf\":{\"@id\":\"https:\\\/\\\/www.hyrparabrisasya.cl\\\/#website\"},\"datePublished\":\"2024-10-18T17:57:49+00:00\",\"dateModified\":\"2024-10-28T16:57:01+00:00\",\"description\":\"Parabrisas Hyr Ya en Temuco servicios de instalaci\u00f3n y reparaci\u00f3n de parabrisas. Vis\u00edtenos en Avenida Pedro de Valdivia 0698. Consultas al +56 45 286 5858.\",\"breadcrumb\":{\"@id\":\"https:\\\/\\\/www.hyrparabrisasya.cl\\\/index.php\\\/ubicacion-y-contacto\\\/#breadcrumb\"},\"inLanguage\":\"es\",\"potentialAction\":[{\"@type\":\"ReadAction\",\"target\":[\"https:\\\/\\\/www.hyrparabrisasya.cl\\\/index.php\\\/ubicacion-y-contacto\\\/\"]}]},{\"@type\":\"BreadcrumbList\",\"@id\":\"https:\\\/\\\/www.hyrparabrisasya.cl\\\/index.php\\\/ubicacion-y-contacto\\\/#breadcrumb\",\"itemListElement\":[{\"@type\":\"ListItem\",\"position\":1,\"name\":\"Portada\",\"item\":\"https:\\\/\\\/www.hyrparabrisasya.cl\\\/\"},{\"@type\":\"ListItem\",\"position\":2,\"name\":\"Ubicaci\u00f3n y contacto\"}]},{\"@type\":\"WebSite\",\"@id\":\"https:\\\/\\\/www.hyrparabrisasya.cl\\\/#website\",\"url\":\"https:\\\/\\\/www.hyrparabrisasya.cl\\\/\",\"name\":\"hyrparabrisasya.cl\",\"description\":\"Especialistas en venta e instalaci\u00f3n de parabrisas en Temuco.\",\"publisher\":{\"@id\":\"https:\\\/\\\/www.hyrparabrisasya.cl\\\/#organization\"},\"alternateName\":\"HYR YA\",\"potentialAction\":[{\"@type\":\"SearchAction\",\"target\":{\"@type\":\"EntryPoint\",\"urlTemplate\":\"https:\\\/\\\/www.hyrparabrisasya.cl\\\/?s={search_term_string}\"},\"query-input\":{\"@type\":\"PropertyValueSpecification\",\"valueRequired\":true,\"valueName\":\"search_term_string\"}}],\"inLanguage\":\"es\"},{\"@type\":\"Organization\",\"@id\":\"https:\\\/\\\/www.hyrparabrisasya.cl\\\/#organization\",\"name\":\"hyrparabrisasya.cl\",\"alternateName\":\"HYR YA\",\"url\":\"https:\\\/\\\/www.hyrparabrisasya.cl\\\/\",\"logo\":{\"@type\":\"ImageObject\",\"inLanguage\":\"es\",\"@id\":\"https:\\\/\\\/www.hyrparabrisasya.cl\\\/#\\\/schema\\\/logo\\\/image\\\/\",\"url\":\"https:\\\/\\\/www.hyrparabrisasya.cl\\\/wp-content\\\/uploads\\\/2024\\\/10\\\/logotipo.png\",\"contentUrl\":\"https:\\\/\\\/www.hyrparabrisasya.cl\\\/wp-content\\\/uploads\\\/2024\\\/10\\\/logotipo.png\",\"width\":350,\"height\":176,\"caption\":\"hyrparabrisasya.cl\"},\"image\":{\"@id\":\"https:\\\/\\\/www.hyrparabrisasya.cl\\\/#\\\/schema\\\/logo\\\/image\\\/\"}}]}<\/script>\n<!-- \/ Yoast SEO plugin. -->","yoast_head_json":{"title":"Reparaci\u00f3n parabrisas en Temuco - HYR YA","description":"Parabrisas Hyr Ya en Temuco servicios de instalaci\u00f3n y reparaci\u00f3n de parabrisas. Vis\u00edtenos en Avenida Pedro de Valdivia 0698. Consultas al +56 45 286 5858.","robots":{"index":"index","follow":"follow","max-snippet":"max-snippet:-1","max-image-preview":"max-image-preview:large","max-video-preview":"max-video-preview:-1"},"canonical":"https:\/\/www.hyrparabrisasya.cl\/index.php\/ubicacion-y-contacto\/","og_locale":"es_ES","og_type":"article","og_title":"Reparaci\u00f3n parabrisas en Temuco - HYR YA","og_description":"Parabrisas Hyr Ya en Temuco servicios de instalaci\u00f3n y reparaci\u00f3n de parabrisas. Vis\u00edtenos en Avenida Pedro de Valdivia 0698. Consultas al +56 45 286 5858.","og_url":"https:\/\/www.hyrparabrisasya.cl\/index.php\/ubicacion-y-contacto\/","og_site_name":"hyrparabrisasya.cl","article_modified_time":"2024-10-28T16:57:01+00:00","og_image":[{"width":1890,"height":1890,"url":"https:\/\/www.hyrparabrisasya.cl\/wp-content\/uploads\/2024\/10\/Polarizados-y-laminas-de-seguridad.png","type":"image\/png"}],"twitter_card":"summary_large_image","twitter_misc":{"Tiempo de lectura":"1 minuto"},"schema":{"@context":"https:\/\/schema.org","@graph":[{"@type":"WebPage","@id":"https:\/\/www.hyrparabrisasya.cl\/index.php\/ubicacion-y-contacto\/","url":"https:\/\/www.hyrparabrisasya.cl\/index.php\/ubicacion-y-contacto\/","name":"Reparaci\u00f3n parabrisas en Temuco - HYR YA","isPartOf":{"@id":"https:\/\/www.hyrparabrisasya.cl\/#website"},"datePublished":"2024-10-18T17:57:49+00:00","dateModified":"2024-10-28T16:57:01+00:00","description":"Parabrisas Hyr Ya en Temuco servicios de instalaci\u00f3n y reparaci\u00f3n de parabrisas. Vis\u00edtenos en Avenida Pedro de Valdivia 0698. Consultas al +56 45 286 5858.","breadcrumb":{"@id":"https:\/\/www.hyrparabrisasya.cl\/index.php\/ubicacion-y-contacto\/#breadcrumb"},"inLanguage":"es","potentialAction":[{"@type":"ReadAction","target":["https:\/\/www.hyrparabrisasya.cl\/index.php\/ubicacion-y-contacto\/"]}]},{"@type":"BreadcrumbList","@id":"https:\/\/www.hyrparabrisasya.cl\/index.php\/ubicacion-y-contacto\/#breadcrumb","itemListElement":[{"@type":"ListItem","position":1,"name":"Portada","item":"https:\/\/www.hyrparabrisasya.cl\/"},{"@type":"ListItem","position":2,"name":"Ubicaci\u00f3n y contacto"}]},{"@type":"WebSite","@id":"https:\/\/www.hyrparabrisasya.cl\/#website","url":"https:\/\/www.hyrparabrisasya.cl\/","name":"hyrparabrisasya.cl","description":"Especialistas en venta e instalaci\u00f3n de parabrisas en Temuco.","publisher":{"@id":"https:\/\/www.hyrparabrisasya.cl\/#organization"},"alternateName":"HYR YA","potentialAction":[{"@type":"SearchAction","target":{"@type":"EntryPoint","urlTemplate":"https:\/\/www.hyrparabrisasya.cl\/?s={search_term_string}"},"query-input":{"@type":"PropertyValueSpecification","valueRequired":true,"valueName":"search_term_string"}}],"inLanguage":"es"},{"@type":"Organization","@id":"https:\/\/www.hyrparabrisasya.cl\/#organization","name":"hyrparabrisasya.cl","alternateName":"HYR YA","url":"https:\/\/www.hyrparabrisasya.cl\/","logo":{"@type":"ImageObject","inLanguage":"es","@id":"https:\/\/www.hyrparabrisasya.cl\/#\/schema\/logo\/image\/","url":"https:\/\/www.hyrparabrisasya.cl\/wp-content\/uploads\/2024\/10\/logotipo.png","contentUrl":"https:\/\/www.hyrparabrisasya.cl\/wp-content\/uploads\/2024\/10\/logotipo.png","width":350,"height":176,"caption":"hyrparabrisasya.cl"},"image":{"@id":"https:\/\/www.hyrparabrisasya.cl\/#\/schema\/logo\/image\/"}}]}},"_links":{"self":[{"href":"https:\/\/www.hyrparabrisasya.cl\/index.php\/wp-json\/wp\/v2\/pages\/23","targetHints":{"allow":["GET"]}}],"collection":[{"href":"https:\/\/www.hyrparabrisasya.cl\/index.php\/wp-json\/wp\/v2\/pages"}],"about":[{"href":"https:\/\/www.hyrparabrisasya.cl\/index.php\/wp-json\/wp\/v2\/types\/page"}],"author":[{"embeddable":true,"href":"https:\/\/www.hyrparabrisasya.cl\/index.php\/wp-json\/wp\/v2\/users\/1"}],"replies":[{"embeddable":true,"href":"https:\/\/www.hyrparabrisasya.cl\/index.php\/wp-json\/wp\/v2\/comments?post=23"}],"version-history":[{"count":6,"href":"https:\/\/www.hyrparabrisasya.cl\/index.php\/wp-json\/wp\/v2\/pages\/23\/revisions"}],"predecessor-version":[{"id":162,"href":"https:\/\/www.hyrparabrisasya.cl\/index.php\/wp-json\/wp\/v2\/pages\/23\/revisions\/162"}],"wp:attachment":[{"href":"https:\/\/www.hyrparabrisasya.cl\/index.php\/wp-json\/wp\/v2\/media?parent=23"}],"curies":[{"name":"wp","href":"https:\/\/api.w.org\/{rel}","templated":true}]}}