{"id":17,"date":"2024-10-18T14:56:11","date_gmt":"2024-10-18T17:56:11","guid":{"rendered":"http:\/\/hyrparabrisasya.cl.portalesdenegocios.cl\/?page_id=17"},"modified":"2024-10-22T11:56:45","modified_gmt":"2024-10-22T14:56:45","slug":"servicios","status":"publish","type":"page","link":"https:\/\/www.hyrparabrisasya.cl\/index.php\/servicios\/","title":{"rendered":"Servicios"},"content":{"rendered":"\n[et_pb_section fb_built=\u00bb1&#8243; _builder_version=\u00bb4.24.2&#8243; _module_preset=\u00bbdefault\u00bb background_image=\u00bbhttps:\/\/www.hyrparabrisasya.cl\/wp-content\/uploads\/2024\/10\/nosotros.jpg\u00bb custom_margin=\u00bb0px||||false|false\u00bb custom_padding=\u00bb0px||201px||false|false\u00bb global_colors_info=\u00bb{}\u00bb][et_pb_row _builder_version=\u00bb4.24.2&#8243; _module_preset=\u00bbdefault\u00bb background_color=\u00bb#FFFFFF\u00bb custom_margin=\u00bb0px||0px||false|false\u00bb custom_padding=\u00bb19px||21px||false|false\u00bb border_radii=\u00bboff|||42px|42px\u00bb global_colors_info=\u00bb{}\u00bb][et_pb_column type=\u00bb4_4&#8243; _builder_version=\u00bb4.24.2&#8243; _module_preset=\u00bbdefault\u00bb global_colors_info=\u00bb{}\u00bb][et_pb_text _builder_version=\u00bb4.24.2&#8243; _module_preset=\u00bbdefault\u00bb header_font=\u00bbOpen Sans|700|||||||\u00bb header_text_align=\u00bbcenter\u00bb header_text_color=\u00bb#0056b9&#8243; header_line_height=\u00bb1.2em\u00bb global_colors_info=\u00bb{}\u00bb]<h1>SERVICIOS<\/h1>[\/et_pb_text][\/et_pb_column][\/et_pb_row][\/et_pb_section][et_pb_section fb_built=\u00bb1&#8243; _builder_version=\u00bb4.24.2&#8243; _module_preset=\u00bbdefault\u00bb global_colors_info=\u00bb{}\u00bb][et_pb_row column_structure=\u00bb1_2,1_2&#8243; _builder_version=\u00bb4.24.2&#8243; _module_preset=\u00bbdefault\u00bb custom_margin=\u00bb|auto|84px|auto||\u00bb global_colors_info=\u00bb{}\u00bb][et_pb_column type=\u00bb1_2&#8243; _builder_version=\u00bb4.24.2&#8243; _module_preset=\u00bbdefault\u00bb global_colors_info=\u00bb{}\u00bb][et_pb_text _builder_version=\u00bb4.24.2&#8243; _module_preset=\u00bbdefault\u00bb header_2_font=\u00bbOpen Sans|700|||||||\u00bb header_2_text_color=\u00bb#0056b9&#8243; custom_margin=\u00bb||21px|||\u00bb global_colors_info=\u00bb{}\u00bb]<h2>HYR PARABRISAS YA<\/h2>[\/et_pb_text][et_pb_divider color=\u00bb#0056b9&#8243; _builder_version=\u00bb4.24.2&#8243; _module_preset=\u00bbdefault\u00bb custom_margin=\u00bb||13px|||\u00bb global_colors_info=\u00bb{}\u00bb][\/et_pb_divider][et_pb_text _builder_version=\u00bb4.24.2&#8243; _module_preset=\u00bbdefault\u00bb text_font=\u00bbOpen Sans||||||||\u00bb text_line_height=\u00bb2.3em\u00bb global_colors_info=\u00bb{}\u00bb]Venta e instalaci\u00f3n de parabrisas, vidrios de puerta, aletas y lunetas.\nPolarizados y l\u00e1minas de seguridad.\nMolduras y venta de accesorios automotrices.[\/et_pb_text][\/et_pb_column][et_pb_column type=\u00bb1_2&#8243; _builder_version=\u00bb4.24.2&#8243; _module_preset=\u00bbdefault\u00bb global_colors_info=\u00bb{}\u00bb][et_pb_image src=\u00bbhttps:\/\/www.hyrparabrisasya.cl\/wp-content\/uploads\/2024\/10\/somos.jpg\u00bb title_text=\u00bbsomos\u00bb _builder_version=\u00bb4.24.2&#8243; _module_preset=\u00bbdefault\u00bb width=\u00bb69%\u00bb module_alignment=\u00bbcenter\u00bb border_radii=\u00bbon|396px|396px|396px|396px\u00bb border_width_all=\u00bb6px\u00bb border_color_all=\u00bb#eed306&#8243; border_style_all=\u00bbdashed\u00bb global_colors_info=\u00bb{}\u00bb][\/et_pb_image][\/et_pb_column][\/et_pb_row][\/et_pb_section][et_pb_section fb_built=\u00bb1&#8243; _builder_version=\u00bb4.24.2&#8243; _module_preset=\u00bbdefault\u00bb background_color=\u00bb#0056b9&#8243; background_image=\u00bbhttps:\/\/www.hyrparabrisasya.cl\/wp-content\/uploads\/2024\/10\/FONDO.png\u00bb hover_enabled=\u00bb0&#8243; border_radii=\u00bboff|82px|82px||\u00bb global_colors_info=\u00bb{}\u00bb module_id=\u00bbservicios\u00bb sticky_enabled=\u00bb0&#8243;][et_pb_row _builder_version=\u00bb4.24.2&#8243; _module_preset=\u00bbdefault\u00bb global_colors_info=\u00bb{}\u00bb][et_pb_column type=\u00bb4_4&#8243; _builder_version=\u00bb4.24.2&#8243; _module_preset=\u00bbdefault\u00bb global_colors_info=\u00bb{}\u00bb][et_pb_text _builder_version=\u00bb4.24.2&#8243; _module_preset=\u00bbdefault\u00bb text_font=\u00bbOpen Sans|700|||||||\u00bb text_text_color=\u00bb#eed306&#8243; text_font_size=\u00bb22px\u00bb text_line_height=\u00bb2.1em\u00bb global_colors_info=\u00bb{}\u00bb]<p style=\"text-align: center;\">PARA ELLO OFRECEMOS<\/p>[\/et_pb_text][\/et_pb_column][\/et_pb_row][et_pb_row column_structure=\u00bb1_4,1_4,1_4,1_4&#8243; _builder_version=\u00bb4.24.2&#8243; _module_preset=\u00bbdefault\u00bb global_colors_info=\u00bb{}\u00bb][et_pb_column type=\u00bb1_4&#8243; _builder_version=\u00bb4.24.2&#8243; _module_preset=\u00bbdefault\u00bb global_colors_info=\u00bb{}\u00bb][et_pb_image src=\u00bbhttps:\/\/www.hyrparabrisasya.cl\/wp-content\/uploads\/2024\/10\/icon1.png\u00bb title_text=\u00bbicon1&#8243; align=\u00bbcenter\u00bb _builder_version=\u00bb4.24.2&#8243; _module_preset=\u00bbdefault\u00bb global_colors_info=\u00bb{}\u00bb][\/et_pb_image][et_pb_text _builder_version=\u00bb4.24.2&#8243; _module_preset=\u00bbdefault\u00bb header_3_font=\u00bbOpen Sans|700|||||||\u00bb header_3_text_align=\u00bbcenter\u00bb header_3_text_color=\u00bb#ffffff\u00bb header_3_font_size=\u00bb16px\u00bb header_3_line_height=\u00bb1.4em\u00bb background_color=\u00bb#0056b9&#8243; custom_margin=\u00bb-62px|28px||28px|false|true\u00bb custom_padding=\u00bb19px|10px|10px|10px|false|true\u00bb border_radii=\u00bboff|22px|22px||\u00bb global_colors_info=\u00bb{}\u00bb]<h3>Vidrios, todo tipo de marcas y modelos para veh\u00edculos<\/h3>[\/et_pb_text][\/et_pb_column][et_pb_column type=\u00bb1_4&#8243; _builder_version=\u00bb4.24.2&#8243; _module_preset=\u00bbdefault\u00bb global_colors_info=\u00bb{}\u00bb][et_pb_image src=\u00bbhttps:\/\/www.hyrparabrisasya.cl\/wp-content\/uploads\/2024\/10\/icon2.png\u00bb title_text=\u00bbicon2&#8243; align=\u00bbcenter\u00bb _builder_version=\u00bb4.24.2&#8243; _module_preset=\u00bbdefault\u00bb global_colors_info=\u00bb{}\u00bb][\/et_pb_image][et_pb_text _builder_version=\u00bb4.24.2&#8243; _module_preset=\u00bbdefault\u00bb text_font=\u00bbOpen Sans|700|||||||\u00bb text_text_color=\u00bb#FFFFFF\u00bb text_font_size=\u00bb16px\u00bb text_line_height=\u00bb1.4em\u00bb header_3_font=\u00bbOpen Sans|700|||||||\u00bb header_3_text_align=\u00bbcenter\u00bb header_3_text_color=\u00bb#ffffff\u00bb header_3_font_size=\u00bb16px\u00bb header_3_line_height=\u00bb1.4em\u00bb background_color=\u00bb#0056b9&#8243; custom_margin=\u00bb-62px|28px||28px|false|true\u00bb custom_padding=\u00bb19px|10px|10px|10px|false|true\u00bb border_radii=\u00bboff|22px|22px||\u00bb global_colors_info=\u00bb{}\u00bb]<p style=\"text-align: center;\">L\u00e1minas de seguridad<\/p>[\/et_pb_text][\/et_pb_column][et_pb_column type=\u00bb1_4&#8243; _builder_version=\u00bb4.24.2&#8243; _module_preset=\u00bbdefault\u00bb global_colors_info=\u00bb{}\u00bb][et_pb_image src=\u00bbhttps:\/\/www.hyrparabrisasya.cl\/wp-content\/uploads\/2024\/10\/icon3.png\u00bb title_text=\u00bbicon3&#8243; align=\u00bbcenter\u00bb _builder_version=\u00bb4.24.2&#8243; _module_preset=\u00bbdefault\u00bb global_colors_info=\u00bb{}\u00bb][\/et_pb_image][et_pb_text _builder_version=\u00bb4.24.2&#8243; _module_preset=\u00bbdefault\u00bb text_font=\u00bbOpen Sans|700|||||||\u00bb text_text_color=\u00bb#FFFFFF\u00bb text_font_size=\u00bb16px\u00bb text_line_height=\u00bb1.4em\u00bb header_3_font=\u00bbOpen Sans|700|||||||\u00bb header_3_text_align=\u00bbcenter\u00bb header_3_text_color=\u00bb#ffffff\u00bb header_3_font_size=\u00bb16px\u00bb header_3_line_height=\u00bb1.4em\u00bb background_color=\u00bb#0056b9&#8243; custom_margin=\u00bb-62px|28px||28px|false|true\u00bb custom_padding=\u00bb19px|10px|10px|10px|false|true\u00bb border_radii=\u00bboff|22px|22px||\u00bb global_colors_info=\u00bb{}\u00bb]<p style=\"text-align: center;\">L\u00e1minas polarizadas nano carbono<\/p>[\/et_pb_text][\/et_pb_column][et_pb_column type=\u00bb1_4&#8243; _builder_version=\u00bb4.24.2&#8243; _module_preset=\u00bbdefault\u00bb global_colors_info=\u00bb{}\u00bb][et_pb_image src=\u00bbhttps:\/\/www.hyrparabrisasya.cl\/wp-content\/uploads\/2024\/10\/lubricante.png\u00bb title_text=\u00bblubricante\u00bb align=\u00bbcenter\u00bb _builder_version=\u00bb4.24.2&#8243; _module_preset=\u00bbdefault\u00bb global_colors_info=\u00bb{}\u00bb][\/et_pb_image][et_pb_text _builder_version=\u00bb4.24.2&#8243; _module_preset=\u00bbdefault\u00bb text_font=\u00bbOpen Sans|700|||||||\u00bb text_text_color=\u00bb#FFFFFF\u00bb text_font_size=\u00bb16px\u00bb text_line_height=\u00bb1.4em\u00bb header_3_font=\u00bbOpen Sans|700|||||||\u00bb header_3_text_align=\u00bbcenter\u00bb header_3_text_color=\u00bb#ffffff\u00bb header_3_font_size=\u00bb16px\u00bb header_3_line_height=\u00bb1.4em\u00bb background_color=\u00bb#0056b9&#8243; custom_margin=\u00bb-62px|28px||28px|false|true\u00bb custom_padding=\u00bb19px|10px|10px|10px|false|true\u00bb border_radii=\u00bboff|22px|22px||\u00bb global_colors_info=\u00bb{}\u00bb]<p style=\"text-align: center;\">Lubricantes<\/p>[\/et_pb_text][\/et_pb_column][\/et_pb_row][et_pb_row column_structure=\u00bb1_4,1_4,1_4,1_4&#8243; _builder_version=\u00bb4.24.2&#8243; _module_preset=\u00bbdefault\u00bb global_colors_info=\u00bb{}\u00bb][et_pb_column type=\u00bb1_4&#8243; _builder_version=\u00bb4.24.2&#8243; _module_preset=\u00bbdefault\u00bb global_colors_info=\u00bb{}\u00bb][et_pb_image src=\u00bbhttps:\/\/www.hyrparabrisasya.cl\/wp-content\/uploads\/2024\/10\/icon4.png\u00bb title_text=\u00bbicon4&#8243; align=\u00bbcenter\u00bb _builder_version=\u00bb4.24.2&#8243; _module_preset=\u00bbdefault\u00bb global_colors_info=\u00bb{}\u00bb][\/et_pb_image][et_pb_text _builder_version=\u00bb4.24.2&#8243; _module_preset=\u00bbdefault\u00bb header_3_font=\u00bbOpen Sans|700|||||||\u00bb header_3_text_align=\u00bbcenter\u00bb header_3_text_color=\u00bb#ffffff\u00bb header_3_font_size=\u00bb16px\u00bb header_3_line_height=\u00bb1.4em\u00bb background_color=\u00bb#0056b9&#8243; custom_margin=\u00bb-62px|28px||28px|false|true\u00bb custom_padding=\u00bb19px|10px|10px|10px|false|true\u00bb border_radii=\u00bboff|22px|22px||\u00bb global_colors_info=\u00bb{}\u00bb]<h3 style=\"text-align: center;\">Uretano<\/h3>[\/et_pb_text][\/et_pb_column][et_pb_column type=\u00bb1_4&#8243; _builder_version=\u00bb4.24.2&#8243; _module_preset=\u00bbdefault\u00bb global_colors_info=\u00bb{}\u00bb][et_pb_image src=\u00bbhttps:\/\/www.hyrparabrisasya.cl\/wp-content\/uploads\/2024\/10\/icon6.png\u00bb title_text=\u00bbicon6&#8243; align=\u00bbcenter\u00bb _builder_version=\u00bb4.24.2&#8243; _module_preset=\u00bbdefault\u00bb global_colors_info=\u00bb{}\u00bb][\/et_pb_image][et_pb_text _builder_version=\u00bb4.24.2&#8243; _module_preset=\u00bbdefault\u00bb text_font=\u00bbOpen Sans|700|||||||\u00bb text_text_color=\u00bb#FFFFFF\u00bb text_font_size=\u00bb16px\u00bb text_line_height=\u00bb1.4em\u00bb header_3_font=\u00bbOpen Sans|700|||||||\u00bb header_3_text_align=\u00bbcenter\u00bb header_3_text_color=\u00bb#ffffff\u00bb header_3_font_size=\u00bb16px\u00bb header_3_line_height=\u00bb1.4em\u00bb background_color=\u00bb#0056b9&#8243; custom_margin=\u00bb-62px|28px||28px|false|true\u00bb custom_padding=\u00bb19px|10px|10px|10px|false|true\u00bb border_radii=\u00bboff|22px|22px||\u00bb global_colors_info=\u00bb{}\u00bb]<p style=\"text-align: center;\">Parabrisas<\/p>[\/et_pb_text][\/et_pb_column][et_pb_column type=\u00bb1_4&#8243; _builder_version=\u00bb4.24.2&#8243; _module_preset=\u00bbdefault\u00bb global_colors_info=\u00bb{}\u00bb][et_pb_image src=\u00bbhttps:\/\/www.hyrparabrisasya.cl\/wp-content\/uploads\/2024\/10\/icon5.png\u00bb title_text=\u00bbicon5&#8243; align=\u00bbcenter\u00bb _builder_version=\u00bb4.24.2&#8243; _module_preset=\u00bbdefault\u00bb global_colors_info=\u00bb{}\u00bb][\/et_pb_image][et_pb_text _builder_version=\u00bb4.24.2&#8243; _module_preset=\u00bbdefault\u00bb text_font=\u00bbOpen Sans|700|||||||\u00bb text_text_color=\u00bb#FFFFFF\u00bb text_font_size=\u00bb16px\u00bb text_line_height=\u00bb1.4em\u00bb header_3_font=\u00bbOpen Sans|700|||||||\u00bb header_3_text_align=\u00bbcenter\u00bb header_3_text_color=\u00bb#ffffff\u00bb header_3_font_size=\u00bb16px\u00bb header_3_line_height=\u00bb1.4em\u00bb background_color=\u00bb#0056b9&#8243; custom_margin=\u00bb-62px|28px||28px|false|true\u00bb custom_padding=\u00bb19px|10px|10px|10px|false|true\u00bb border_radii=\u00bboff|22px|22px||\u00bb global_colors_info=\u00bb{}\u00bb]<p style=\"text-align: center;\">Plumillas<\/p>[\/et_pb_text][\/et_pb_column][et_pb_column type=\u00bb1_4&#8243; _builder_version=\u00bb4.24.2&#8243; _module_preset=\u00bbdefault\u00bb global_colors_info=\u00bb{}\u00bb][et_pb_image src=\u00bbhttps:\/\/www.hyrparabrisasya.cl\/wp-content\/uploads\/2024\/10\/icon8.png\u00bb title_text=\u00bbicon8&#8243; align=\u00bbcenter\u00bb _builder_version=\u00bb4.24.2&#8243; _module_preset=\u00bbdefault\u00bb global_colors_info=\u00bb{}\u00bb][\/et_pb_image][et_pb_text _builder_version=\u00bb4.24.2&#8243; _module_preset=\u00bbdefault\u00bb text_font=\u00bbOpen Sans|700|||||||\u00bb text_text_color=\u00bb#FFFFFF\u00bb text_font_size=\u00bb16px\u00bb text_line_height=\u00bb1.4em\u00bb header_3_font=\u00bbOpen Sans|700|||||||\u00bb header_3_text_align=\u00bbcenter\u00bb header_3_text_color=\u00bb#ffffff\u00bb header_3_font_size=\u00bb16px\u00bb header_3_line_height=\u00bb1.4em\u00bb background_color=\u00bb#0056b9&#8243; custom_margin=\u00bb-62px|28px||28px|false|true\u00bb custom_padding=\u00bb19px|10px|10px|10px|false|true\u00bb border_radii=\u00bboff|22px|22px||\u00bb global_colors_info=\u00bb{}\u00bb]<p style=\"text-align: center;\">Molduras para vidrios y parabrisas<\/p>[\/et_pb_text][\/et_pb_column][\/et_pb_row][\/et_pb_section]\n","protected":false},"excerpt":{"rendered":"<p>SERVICIOSHYR PARABRISAS YAVenta e instalaci\u00f3n de parabrisas, vidrios de puerta, aletas y lunetas. Polarizados y l\u00e1minas de seguridad. Molduras y venta de accesorios automotrices.PARA ELLO OFRECEMOSVidrios, todo tipo de marcas y modelos para veh\u00edculosL\u00e1minas de seguridadL\u00e1minas polarizadas nano carbonoLubricantesUretanoParabrisasPlumillasMolduras para vidrios y parabrisas<\/p>\n","protected":false},"author":1,"featured_media":0,"parent":0,"menu_order":0,"comment_status":"closed","ping_status":"closed","template":"","meta":{"_et_pb_use_builder":"on","_et_pb_old_content":"<!-- wp:divi\/placeholder \/-->","_et_gb_content_width":"","footnotes":""},"class_list":["post-17","page","type-page","status-publish","hentry"],"yoast_head":"<!-- This site is optimized with the Yoast SEO plugin v27.3 - https:\/\/yoast.com\/product\/yoast-seo-wordpress\/ -->\n<title>Vidrios para veh\u00edculos - PARABRISAS HYR YA<\/title>\n<meta name=\"description\" content=\"PARABRISAS HYR YA, venta e instalaci\u00f3n de vidrios para veh\u00edculos de diversas marcas y modelos. Ademas encuentra parabrisas, plumillas y lubricantes.\" \/>\n<meta name=\"robots\" content=\"index, follow, max-snippet:-1, max-image-preview:large, max-video-preview:-1\" \/>\n<link rel=\"canonical\" href=\"https:\/\/www.hyrparabrisasya.cl\/index.php\/servicios\/\" \/>\n<meta property=\"og:locale\" content=\"es_ES\" \/>\n<meta property=\"og:type\" content=\"article\" \/>\n<meta property=\"og:title\" content=\"Vidrios para veh\u00edculos - PARABRISAS HYR YA\" \/>\n<meta property=\"og:description\" content=\"PARABRISAS HYR YA, venta e instalaci\u00f3n de vidrios para veh\u00edculos de diversas marcas y modelos. Ademas encuentra parabrisas, plumillas y lubricantes.\" \/>\n<meta property=\"og:url\" content=\"https:\/\/www.hyrparabrisasya.cl\/index.php\/servicios\/\" \/>\n<meta property=\"og:site_name\" content=\"hyrparabrisasya.cl\" \/>\n<meta property=\"article:modified_time\" content=\"2024-10-22T14:56:45+00:00\" \/>\n<meta property=\"og:image\" content=\"https:\/\/www.hyrparabrisasya.cl\/wp-content\/uploads\/2024\/10\/Polarizados-y-laminas-de-seguridad.png\" \/>\n\t<meta property=\"og:image:width\" content=\"1890\" \/>\n\t<meta property=\"og:image:height\" content=\"1890\" \/>\n\t<meta property=\"og:image:type\" content=\"image\/png\" \/>\n<meta name=\"twitter:card\" content=\"summary_large_image\" \/>\n<meta name=\"twitter:label1\" content=\"Tiempo de lectura\" \/>\n\t<meta name=\"twitter:data1\" content=\"3 minutos\" \/>\n<script type=\"application\/ld+json\" class=\"yoast-schema-graph\">{\"@context\":\"https:\\\/\\\/schema.org\",\"@graph\":[{\"@type\":\"WebPage\",\"@id\":\"https:\\\/\\\/www.hyrparabrisasya.cl\\\/index.php\\\/servicios\\\/\",\"url\":\"https:\\\/\\\/www.hyrparabrisasya.cl\\\/index.php\\\/servicios\\\/\",\"name\":\"Vidrios para veh\u00edculos - PARABRISAS HYR YA\",\"isPartOf\":{\"@id\":\"https:\\\/\\\/www.hyrparabrisasya.cl\\\/#website\"},\"datePublished\":\"2024-10-18T17:56:11+00:00\",\"dateModified\":\"2024-10-22T14:56:45+00:00\",\"description\":\"PARABRISAS HYR YA, venta e instalaci\u00f3n de vidrios para veh\u00edculos de diversas marcas y modelos. Ademas encuentra parabrisas, plumillas y lubricantes.\",\"breadcrumb\":{\"@id\":\"https:\\\/\\\/www.hyrparabrisasya.cl\\\/index.php\\\/servicios\\\/#breadcrumb\"},\"inLanguage\":\"es\",\"potentialAction\":[{\"@type\":\"ReadAction\",\"target\":[\"https:\\\/\\\/www.hyrparabrisasya.cl\\\/index.php\\\/servicios\\\/\"]}]},{\"@type\":\"BreadcrumbList\",\"@id\":\"https:\\\/\\\/www.hyrparabrisasya.cl\\\/index.php\\\/servicios\\\/#breadcrumb\",\"itemListElement\":[{\"@type\":\"ListItem\",\"position\":1,\"name\":\"Portada\",\"item\":\"https:\\\/\\\/www.hyrparabrisasya.cl\\\/\"},{\"@type\":\"ListItem\",\"position\":2,\"name\":\"Servicios\"}]},{\"@type\":\"WebSite\",\"@id\":\"https:\\\/\\\/www.hyrparabrisasya.cl\\\/#website\",\"url\":\"https:\\\/\\\/www.hyrparabrisasya.cl\\\/\",\"name\":\"hyrparabrisasya.cl\",\"description\":\"Especialistas en venta e instalaci\u00f3n de parabrisas en Temuco.\",\"publisher\":{\"@id\":\"https:\\\/\\\/www.hyrparabrisasya.cl\\\/#organization\"},\"alternateName\":\"HYR YA\",\"potentialAction\":[{\"@type\":\"SearchAction\",\"target\":{\"@type\":\"EntryPoint\",\"urlTemplate\":\"https:\\\/\\\/www.hyrparabrisasya.cl\\\/?s={search_term_string}\"},\"query-input\":{\"@type\":\"PropertyValueSpecification\",\"valueRequired\":true,\"valueName\":\"search_term_string\"}}],\"inLanguage\":\"es\"},{\"@type\":\"Organization\",\"@id\":\"https:\\\/\\\/www.hyrparabrisasya.cl\\\/#organization\",\"name\":\"hyrparabrisasya.cl\",\"alternateName\":\"HYR YA\",\"url\":\"https:\\\/\\\/www.hyrparabrisasya.cl\\\/\",\"logo\":{\"@type\":\"ImageObject\",\"inLanguage\":\"es\",\"@id\":\"https:\\\/\\\/www.hyrparabrisasya.cl\\\/#\\\/schema\\\/logo\\\/image\\\/\",\"url\":\"https:\\\/\\\/www.hyrparabrisasya.cl\\\/wp-content\\\/uploads\\\/2024\\\/10\\\/logotipo.png\",\"contentUrl\":\"https:\\\/\\\/www.hyrparabrisasya.cl\\\/wp-content\\\/uploads\\\/2024\\\/10\\\/logotipo.png\",\"width\":350,\"height\":176,\"caption\":\"hyrparabrisasya.cl\"},\"image\":{\"@id\":\"https:\\\/\\\/www.hyrparabrisasya.cl\\\/#\\\/schema\\\/logo\\\/image\\\/\"}}]}<\/script>\n<!-- \/ Yoast SEO plugin. -->","yoast_head_json":{"title":"Vidrios para veh\u00edculos - PARABRISAS HYR YA","description":"PARABRISAS HYR YA, venta e instalaci\u00f3n de vidrios para veh\u00edculos de diversas marcas y modelos. Ademas encuentra parabrisas, plumillas y lubricantes.","robots":{"index":"index","follow":"follow","max-snippet":"max-snippet:-1","max-image-preview":"max-image-preview:large","max-video-preview":"max-video-preview:-1"},"canonical":"https:\/\/www.hyrparabrisasya.cl\/index.php\/servicios\/","og_locale":"es_ES","og_type":"article","og_title":"Vidrios para veh\u00edculos - PARABRISAS HYR YA","og_description":"PARABRISAS HYR YA, venta e instalaci\u00f3n de vidrios para veh\u00edculos de diversas marcas y modelos. Ademas encuentra parabrisas, plumillas y lubricantes.","og_url":"https:\/\/www.hyrparabrisasya.cl\/index.php\/servicios\/","og_site_name":"hyrparabrisasya.cl","article_modified_time":"2024-10-22T14:56:45+00:00","og_image":[{"width":1890,"height":1890,"url":"https:\/\/www.hyrparabrisasya.cl\/wp-content\/uploads\/2024\/10\/Polarizados-y-laminas-de-seguridad.png","type":"image\/png"}],"twitter_card":"summary_large_image","twitter_misc":{"Tiempo de lectura":"3 minutos"},"schema":{"@context":"https:\/\/schema.org","@graph":[{"@type":"WebPage","@id":"https:\/\/www.hyrparabrisasya.cl\/index.php\/servicios\/","url":"https:\/\/www.hyrparabrisasya.cl\/index.php\/servicios\/","name":"Vidrios para veh\u00edculos - PARABRISAS HYR YA","isPartOf":{"@id":"https:\/\/www.hyrparabrisasya.cl\/#website"},"datePublished":"2024-10-18T17:56:11+00:00","dateModified":"2024-10-22T14:56:45+00:00","description":"PARABRISAS HYR YA, venta e instalaci\u00f3n de vidrios para veh\u00edculos de diversas marcas y modelos. Ademas encuentra parabrisas, plumillas y lubricantes.","breadcrumb":{"@id":"https:\/\/www.hyrparabrisasya.cl\/index.php\/servicios\/#breadcrumb"},"inLanguage":"es","potentialAction":[{"@type":"ReadAction","target":["https:\/\/www.hyrparabrisasya.cl\/index.php\/servicios\/"]}]},{"@type":"BreadcrumbList","@id":"https:\/\/www.hyrparabrisasya.cl\/index.php\/servicios\/#breadcrumb","itemListElement":[{"@type":"ListItem","position":1,"name":"Portada","item":"https:\/\/www.hyrparabrisasya.cl\/"},{"@type":"ListItem","position":2,"name":"Servicios"}]},{"@type":"WebSite","@id":"https:\/\/www.hyrparabrisasya.cl\/#website","url":"https:\/\/www.hyrparabrisasya.cl\/","name":"hyrparabrisasya.cl","description":"Especialistas en venta e instalaci\u00f3n de parabrisas en Temuco.","publisher":{"@id":"https:\/\/www.hyrparabrisasya.cl\/#organization"},"alternateName":"HYR YA","potentialAction":[{"@type":"SearchAction","target":{"@type":"EntryPoint","urlTemplate":"https:\/\/www.hyrparabrisasya.cl\/?s={search_term_string}"},"query-input":{"@type":"PropertyValueSpecification","valueRequired":true,"valueName":"search_term_string"}}],"inLanguage":"es"},{"@type":"Organization","@id":"https:\/\/www.hyrparabrisasya.cl\/#organization","name":"hyrparabrisasya.cl","alternateName":"HYR YA","url":"https:\/\/www.hyrparabrisasya.cl\/","logo":{"@type":"ImageObject","inLanguage":"es","@id":"https:\/\/www.hyrparabrisasya.cl\/#\/schema\/logo\/image\/","url":"https:\/\/www.hyrparabrisasya.cl\/wp-content\/uploads\/2024\/10\/logotipo.png","contentUrl":"https:\/\/www.hyrparabrisasya.cl\/wp-content\/uploads\/2024\/10\/logotipo.png","width":350,"height":176,"caption":"hyrparabrisasya.cl"},"image":{"@id":"https:\/\/www.hyrparabrisasya.cl\/#\/schema\/logo\/image\/"}}]}},"_links":{"self":[{"href":"https:\/\/www.hyrparabrisasya.cl\/index.php\/wp-json\/wp\/v2\/pages\/17","targetHints":{"allow":["GET"]}}],"collection":[{"href":"https:\/\/www.hyrparabrisasya.cl\/index.php\/wp-json\/wp\/v2\/pages"}],"about":[{"href":"https:\/\/www.hyrparabrisasya.cl\/index.php\/wp-json\/wp\/v2\/types\/page"}],"author":[{"embeddable":true,"href":"https:\/\/www.hyrparabrisasya.cl\/index.php\/wp-json\/wp\/v2\/users\/1"}],"replies":[{"embeddable":true,"href":"https:\/\/www.hyrparabrisasya.cl\/index.php\/wp-json\/wp\/v2\/comments?post=17"}],"version-history":[{"count":9,"href":"https:\/\/www.hyrparabrisasya.cl\/index.php\/wp-json\/wp\/v2\/pages\/17\/revisions"}],"predecessor-version":[{"id":145,"href":"https:\/\/www.hyrparabrisasya.cl\/index.php\/wp-json\/wp\/v2\/pages\/17\/revisions\/145"}],"wp:attachment":[{"href":"https:\/\/www.hyrparabrisasya.cl\/index.php\/wp-json\/wp\/v2\/media?parent=17"}],"curies":[{"name":"wp","href":"https:\/\/api.w.org\/{rel}","templated":true}]}}